{"id":2263,"date":"2024-09-05T02:19:30","date_gmt":"2024-09-05T02:19:30","guid":{"rendered":"https:\/\/mentedemente.cl\/?page_id=2263"},"modified":"2024-09-05T02:27:12","modified_gmt":"2024-09-05T02:27:12","slug":"2263-2","status":"publish","type":"page","link":"https:\/\/mentedemente.cl\/index.php\/2263-2\/","title":{"rendered":"SOMOS DIOSAS"},"content":{"rendered":"\n<p class=\"has-text-align-center\">\u201cSomos Diosas\u201d&nbsp;es un libro para colorear ilustrado y dise\u00f1ado por Co Mente Demente en colaboraci\u00f3n con Galeria Donne, con 19 dibujos de diferentes Diosas. En el reverso de cada ilustraci\u00f3n, puedes conocer la historia y el poder de cada una de ellas. Tambi\u00e9n tiene una hoja en blanco donde puedes dibujarte, reconocer tu poder y ser parte del libro. <\/p>\n\n\n\n<p class=\"has-text-align-center\"><strong>Autor: Co. MenteDemente<br>Dimensiones: 28,5 x 30,5 cm.<br>Material: hojas interiores de papel d\u00faplex 240 gramos<\/strong><\/p>\n\n\n\n<div class=\"wp-block-buttons has-custom-font-size has-medium-font-size is-content-justification-center is-layout-flex wp-container-core-buttons-is-layout-1 wp-block-buttons-is-layout-flex\">\n<div class=\"wp-block-button has-custom-width wp-block-button__width-25 is-style-outline\"><a class=\"wp-block-button__link has-text-align-center wp-element-button\" href=\"https:\/\/galeriadonne.cl\/products\/libro-somos-diosas?_pos=1&amp;_psq=somos&amp;_ss=e&amp;_v=1.0\">Comprar!<\/a><\/div>\n<\/div>\n\n\n\n<div style=\"height:37px\" aria-hidden=\"true\" class=\"wp-block-spacer\"><\/div>\n\n\n\n<figure class=\"wp-block-gallery has-nested-images columns-default is-cropped wp-block-gallery-1 is-layout-flex wp-block-gallery-is-layout-flex\">\n<figure class=\"wp-block-image size-large\"><img decoding=\"async\" width=\"1024\" height=\"683\" data-id=\"931\" src=\"https:\/\/mentedemente.cl\/wp-content\/uploads\/2022\/12\/2-1024x683.jpg\" alt=\"\" class=\"wp-image-931\" srcset=\"https:\/\/mentedemente.cl\/wp-content\/uploads\/2022\/12\/2-1024x683.jpg 1024w, https:\/\/mentedemente.cl\/wp-content\/uploads\/2022\/12\/2-scaled-600x400.jpg 600w, https:\/\/mentedemente.cl\/wp-content\/uploads\/2022\/12\/2-300x200.jpg 300w, https:\/\/mentedemente.cl\/wp-content\/uploads\/2022\/12\/2-768x512.jpg 768w, https:\/\/mentedemente.cl\/wp-content\/uploads\/2022\/12\/2-1536x1024.jpg 1536w, https:\/\/mentedemente.cl\/wp-content\/uploads\/2022\/12\/2-2048x1365.jpg 2048w, https:\/\/mentedemente.cl\/wp-content\/uploads\/2022\/12\/2-24x16.jpg 24w, https:\/\/mentedemente.cl\/wp-content\/uploads\/2022\/12\/2-36x24.jpg 36w, https:\/\/mentedemente.cl\/wp-content\/uploads\/2022\/12\/2-48x32.jpg 48w\" sizes=\"(max-width: 1024px) 100vw, 1024px\" \/><figcaption class=\"wp-element-caption\">Libro Somos diosas<\/figcaption><\/figure>\n\n\n\n<figure class=\"wp-block-image size-large\"><img decoding=\"async\" width=\"1024\" height=\"683\" data-id=\"1815\" src=\"https:\/\/mentedemente.cl\/wp-content\/uploads\/2023\/10\/IMG_7365-1024x683.jpg\" alt=\"\" class=\"wp-image-1815\" srcset=\"https:\/\/mentedemente.cl\/wp-content\/uploads\/2023\/10\/IMG_7365-1024x683.jpg 1024w, https:\/\/mentedemente.cl\/wp-content\/uploads\/2023\/10\/IMG_7365-scaled-600x400.jpg 600w, https:\/\/mentedemente.cl\/wp-content\/uploads\/2023\/10\/IMG_7365-300x200.jpg 300w, https:\/\/mentedemente.cl\/wp-content\/uploads\/2023\/10\/IMG_7365-768x512.jpg 768w, https:\/\/mentedemente.cl\/wp-content\/uploads\/2023\/10\/IMG_7365-1536x1024.jpg 1536w, https:\/\/mentedemente.cl\/wp-content\/uploads\/2023\/10\/IMG_7365-2048x1365.jpg 2048w, https:\/\/mentedemente.cl\/wp-content\/uploads\/2023\/10\/IMG_7365-24x16.jpg 24w, https:\/\/mentedemente.cl\/wp-content\/uploads\/2023\/10\/IMG_7365-36x24.jpg 36w, https:\/\/mentedemente.cl\/wp-content\/uploads\/2023\/10\/IMG_7365-48x32.jpg 48w\" sizes=\"(max-width: 1024px) 100vw, 1024px\" \/><\/figure>\n<\/figure>\n\n\n\n<div style=\"height:64px\" aria-hidden=\"true\" class=\"wp-block-spacer\"><\/div>\n\n\n\n<figure class=\"wp-block-image size-full\"><img decoding=\"async\" width=\"2560\" height=\"1707\" src=\"https:\/\/mentedemente.cl\/wp-content\/uploads\/2023\/10\/IMG_7350-scaled.jpg\" alt=\"\" class=\"wp-image-1814\" srcset=\"https:\/\/mentedemente.cl\/wp-content\/uploads\/2023\/10\/IMG_7350-scaled.jpg 2560w, https:\/\/mentedemente.cl\/wp-content\/uploads\/2023\/10\/IMG_7350-scaled-600x400.jpg 600w, https:\/\/mentedemente.cl\/wp-content\/uploads\/2023\/10\/IMG_7350-300x200.jpg 300w, https:\/\/mentedemente.cl\/wp-content\/uploads\/2023\/10\/IMG_7350-1024x683.jpg 1024w, https:\/\/mentedemente.cl\/wp-content\/uploads\/2023\/10\/IMG_7350-768x512.jpg 768w, https:\/\/mentedemente.cl\/wp-content\/uploads\/2023\/10\/IMG_7350-1536x1024.jpg 1536w, https:\/\/mentedemente.cl\/wp-content\/uploads\/2023\/10\/IMG_7350-2048x1365.jpg 2048w, https:\/\/mentedemente.cl\/wp-content\/uploads\/2023\/10\/IMG_7350-24x16.jpg 24w, https:\/\/mentedemente.cl\/wp-content\/uploads\/2023\/10\/IMG_7350-36x24.jpg 36w, https:\/\/mentedemente.cl\/wp-content\/uploads\/2023\/10\/IMG_7350-48x32.jpg 48w\" sizes=\"(max-width: 2560px) 100vw, 2560px\" \/><\/figure>\n","protected":false},"excerpt":{"rendered":"<p>\u201cSomos Diosas\u201d&nbsp;es un libro para colorear ilustrado y dise\u00f1ado por Co Mente Demente en colaboraci\u00f3n con Galeria Donne, con 19 dibujos de diferentes Diosas. En el reverso de cada ilustraci\u00f3n, puedes conocer la historia y el poder de cada una de ellas. Tambi\u00e9n tiene una hoja en blanco donde puedes dibujarte, reconocer tu poder y [&hellip;]<\/p>\n","protected":false},"author":1,"featured_media":0,"parent":0,"menu_order":0,"comment_status":"closed","ping_status":"closed","template":"","meta":{"footnotes":""},"_links":{"self":[{"href":"https:\/\/mentedemente.cl\/index.php\/wp-json\/wp\/v2\/pages\/2263"}],"collection":[{"href":"https:\/\/mentedemente.cl\/index.php\/wp-json\/wp\/v2\/pages"}],"about":[{"href":"https:\/\/mentedemente.cl\/index.php\/wp-json\/wp\/v2\/types\/page"}],"author":[{"embeddable":true,"href":"https:\/\/mentedemente.cl\/index.php\/wp-json\/wp\/v2\/users\/1"}],"replies":[{"embeddable":true,"href":"https:\/\/mentedemente.cl\/index.php\/wp-json\/wp\/v2\/comments?post=2263"}],"version-history":[{"count":8,"href":"https:\/\/mentedemente.cl\/index.php\/wp-json\/wp\/v2\/pages\/2263\/revisions"}],"predecessor-version":[{"id":2274,"href":"https:\/\/mentedemente.cl\/index.php\/wp-json\/wp\/v2\/pages\/2263\/revisions\/2274"}],"wp:attachment":[{"href":"https:\/\/mentedemente.cl\/index.php\/wp-json\/wp\/v2\/media?parent=2263"}],"curies":[{"name":"wp","href":"https:\/\/api.w.org\/{rel}","templated":true}]}}